{"id":2545,"date":"2025-11-04T17:43:18","date_gmt":"2025-11-04T17:43:18","guid":{"rendered":"https:\/\/surlestracesdejamesbond.fr\/?page_id=2545"},"modified":"2025-11-04T18:30:43","modified_gmt":"2025-11-04T18:30:43","slug":"contact-2","status":"publish","type":"page","link":"https:\/\/surlestracesdejamesbond.fr\/index.php\/contact-2\/","title":{"rendered":"Contact"},"content":{"rendered":"\n<div class=\"wp-block-stackable-spacer stk-block-spacer stk--no-padding stk-block stk-6987894\" data-block-id=\"6987894\"><style>.stk-6987894 {height:13px !important;}<\/style><\/div>\n\n\n\n<ul class=\"wp-block-social-links has-large-icon-size is-style-logos-only is-content-justification-center is-layout-flex wp-container-core-social-links-is-layout-797690e1 wp-block-social-links-is-layout-flex\" style=\"border-radius:0px;margin-right:0;margin-left:0\"><li class=\"wp-social-link wp-social-link-mail  wp-block-social-link\"><a rel=\"noopener nofollow\" target=\"_blank\" href=\"mailto:su&#114;l&#101;s&#116;&#114;&#097;ce&#115;&#100;&#101;j&#097;&#109;&#101;&#115;b&#111;n&#100;&#064;g&#109;ai&#108;&#046;&#099;&#111;m\" class=\"wp-block-social-link-anchor\"><svg width=\"24\" height=\"24\" viewBox=\"0 0 24 24\" version=\"1.1\" xmlns=\"http:\/\/www.w3.org\/2000\/svg\" aria-hidden=\"true\" focusable=\"false\"><path d=\"M19,5H5c-1.1,0-2,.9-2,2v10c0,1.1.9,2,2,2h14c1.1,0,2-.9,2-2V7c0-1.1-.9-2-2-2zm.5,12c0,.3-.2.5-.5.5H5c-.3,0-.5-.2-.5-.5V9.8l7.5,5.6,7.5-5.6V17zm0-9.1L12,13.6,4.5,7.9V7c0-.3.2-.5.5-.5h14c.3,0,.5.2.5.5v.9z\"><\/path><\/svg><span class=\"wp-block-social-link-label screen-reader-text\">E-mail<\/span><\/a><\/li>\n\n<li class=\"wp-social-link wp-social-link-facebook  wp-block-social-link\"><a rel=\"noopener nofollow\" target=\"_blank\" href=\"https:\/\/www.facebook.com\/groups\/SLTDJBOO7\" class=\"wp-block-social-link-anchor\"><svg width=\"24\" height=\"24\" viewBox=\"0 0 24 24\" version=\"1.1\" xmlns=\"http:\/\/www.w3.org\/2000\/svg\" aria-hidden=\"true\" focusable=\"false\"><path d=\"M12 2C6.5 2 2 6.5 2 12c0 5 3.7 9.1 8.4 9.9v-7H7.9V12h2.5V9.8c0-2.5 1.5-3.9 3.8-3.9 1.1 0 2.2.2 2.2.2v2.5h-1.3c-1.2 0-1.6.8-1.6 1.6V12h2.8l-.4 2.9h-2.3v7C18.3 21.1 22 17 22 12c0-5.5-4.5-10-10-10z\"><\/path><\/svg><span class=\"wp-block-social-link-label screen-reader-text\">Facebook<\/span><\/a><\/li>\n\n<li class=\"wp-social-link wp-social-link-instagram  wp-block-social-link\"><a rel=\"noopener nofollow\" target=\"_blank\" href=\"https:\/\/www.instagram.com\/bond_locations\/\" class=\"wp-block-social-link-anchor\"><svg width=\"24\" height=\"24\" viewBox=\"0 0 24 24\" version=\"1.1\" xmlns=\"http:\/\/www.w3.org\/2000\/svg\" aria-hidden=\"true\" focusable=\"false\"><path d=\"M12,4.622c2.403,0,2.688,0.009,3.637,0.052c0.877,0.04,1.354,0.187,1.671,0.31c0.42,0.163,0.72,0.358,1.035,0.673 c0.315,0.315,0.51,0.615,0.673,1.035c0.123,0.317,0.27,0.794,0.31,1.671c0.043,0.949,0.052,1.234,0.052,3.637 s-0.009,2.688-0.052,3.637c-0.04,0.877-0.187,1.354-0.31,1.671c-0.163,0.42-0.358,0.72-0.673,1.035 c-0.315,0.315-0.615,0.51-1.035,0.673c-0.317,0.123-0.794,0.27-1.671,0.31c-0.949,0.043-1.233,0.052-3.637,0.052 s-2.688-0.009-3.637-0.052c-0.877-0.04-1.354-0.187-1.671-0.31c-0.42-0.163-0.72-0.358-1.035-0.673 c-0.315-0.315-0.51-0.615-0.673-1.035c-0.123-0.317-0.27-0.794-0.31-1.671C4.631,14.688,4.622,14.403,4.622,12 s0.009-2.688,0.052-3.637c0.04-0.877,0.187-1.354,0.31-1.671c0.163-0.42,0.358-0.72,0.673-1.035 c0.315-0.315,0.615-0.51,1.035-0.673c0.317-0.123,0.794-0.27,1.671-0.31C9.312,4.631,9.597,4.622,12,4.622 M12,3 C9.556,3,9.249,3.01,8.289,3.054C7.331,3.098,6.677,3.25,6.105,3.472C5.513,3.702,5.011,4.01,4.511,4.511 c-0.5,0.5-0.808,1.002-1.038,1.594C3.25,6.677,3.098,7.331,3.054,8.289C3.01,9.249,3,9.556,3,12c0,2.444,0.01,2.751,0.054,3.711 c0.044,0.958,0.196,1.612,0.418,2.185c0.23,0.592,0.538,1.094,1.038,1.594c0.5,0.5,1.002,0.808,1.594,1.038 c0.572,0.222,1.227,0.375,2.185,0.418C9.249,20.99,9.556,21,12,21s2.751-0.01,3.711-0.054c0.958-0.044,1.612-0.196,2.185-0.418 c0.592-0.23,1.094-0.538,1.594-1.038c0.5-0.5,0.808-1.002,1.038-1.594c0.222-0.572,0.375-1.227,0.418-2.185 C20.99,14.751,21,14.444,21,12s-0.01-2.751-0.054-3.711c-0.044-0.958-0.196-1.612-0.418-2.185c-0.23-0.592-0.538-1.094-1.038-1.594 c-0.5-0.5-1.002-0.808-1.594-1.038c-0.572-0.222-1.227-0.375-2.185-0.418C14.751,3.01,14.444,3,12,3L12,3z M12,7.378 c-2.552,0-4.622,2.069-4.622,4.622S9.448,16.622,12,16.622s4.622-2.069,4.622-4.622S14.552,7.378,12,7.378z M12,15 c-1.657,0-3-1.343-3-3s1.343-3,3-3s3,1.343,3,3S13.657,15,12,15z M16.804,6.116c-0.596,0-1.08,0.484-1.08,1.08 s0.484,1.08,1.08,1.08c0.596,0,1.08-0.484,1.08-1.08S17.401,6.116,16.804,6.116z\"><\/path><\/svg><span class=\"wp-block-social-link-label screen-reader-text\">Instagram<\/span><\/a><\/li>\n\n<li class=\"wp-social-link wp-social-link-youtube  wp-block-social-link\"><a rel=\"noopener nofollow\" target=\"_blank\" href=\"https:\/\/www.youtube.com\/@SurLesTracesdeJamesBond\" class=\"wp-block-social-link-anchor\"><svg width=\"24\" height=\"24\" viewBox=\"0 0 24 24\" version=\"1.1\" xmlns=\"http:\/\/www.w3.org\/2000\/svg\" aria-hidden=\"true\" focusable=\"false\"><path d=\"M21.8,8.001c0,0-0.195-1.378-0.795-1.985c-0.76-0.797-1.613-0.801-2.004-0.847c-2.799-0.202-6.997-0.202-6.997-0.202 h-0.009c0,0-4.198,0-6.997,0.202C4.608,5.216,3.756,5.22,2.995,6.016C2.395,6.623,2.2,8.001,2.2,8.001S2,9.62,2,11.238v1.517 c0,1.618,0.2,3.237,0.2,3.237s0.195,1.378,0.795,1.985c0.761,0.797,1.76,0.771,2.205,0.855c1.6,0.153,6.8,0.201,6.8,0.201 s4.203-0.006,7.001-0.209c0.391-0.047,1.243-0.051,2.004-0.847c0.6-0.607,0.795-1.985,0.795-1.985s0.2-1.618,0.2-3.237v-1.517 C22,9.62,21.8,8.001,21.8,8.001z M9.935,14.594l-0.001-5.62l5.404,2.82L9.935,14.594z\"><\/path><\/svg><span class=\"wp-block-social-link-label screen-reader-text\">YouTube<\/span><\/a><\/li><\/ul>\n\n\n\n<p>Vous avez une question, une remarque ou pensez que j\u2019ai fait une erreur ? Remplissez le formulaire ci-dessous et je vous r\u00e9pondrai dans les plus brefs d\u00e9lais.<br>N\u2019h\u00e9sitez pas \u00e0 me suivre \u00e9galement sur les r\u00e9seaux sociaux pour rester inform\u00e9(e) !&nbsp; <\/p>\n\n\n\n<div class=\"wp-block-stackable-spacer stk-block-spacer stk--no-padding stk-block stk-014bbac\" data-block-id=\"014bbac\"><style>.stk-014bbac {height:42px !important;}<\/style><\/div>\n\n\n\n<div class=\"wpcf7 no-js\" id=\"wpcf7-f1093-o1\" lang=\"fr-FR\" dir=\"ltr\" data-wpcf7-id=\"1093\">\n<div class=\"screen-reader-response\"><p role=\"status\" aria-live=\"polite\" aria-atomic=\"true\"><\/p> <ul><\/ul><\/div>\n<form action=\"\/index.php\/wp-json\/wp\/v2\/pages\/2545#wpcf7-f1093-o1\" method=\"post\" class=\"wpcf7-form init\" aria-label=\"Formulaire de contact\" novalidate=\"novalidate\" data-status=\"init\">\n<fieldset class=\"hidden-fields-container\"><input type=\"hidden\" name=\"_wpcf7\" value=\"1093\" \/><input type=\"hidden\" name=\"_wpcf7_version\" value=\"6.1.5\" \/><input type=\"hidden\" name=\"_wpcf7_locale\" value=\"fr_FR\" \/><input type=\"hidden\" name=\"_wpcf7_unit_tag\" value=\"wpcf7-f1093-o1\" \/><input type=\"hidden\" name=\"_wpcf7_container_post\" value=\"0\" \/><input type=\"hidden\" name=\"_wpcf7_posted_data_hash\" value=\"\" \/>\n<\/fieldset>\n<p><label> Votre nom<br \/>\n<span class=\"wpcf7-form-control-wrap\" data-name=\"your-name\"><input size=\"40\" maxlength=\"400\" class=\"wpcf7-form-control wpcf7-text wpcf7-validates-as-required\" autocomplete=\"name\" aria-required=\"true\" aria-invalid=\"false\" value=\"\" type=\"text\" name=\"your-name\" \/><\/span> <\/label>\n<\/p>\n<p><label> Votre e-mail<br \/>\n<span class=\"wpcf7-form-control-wrap\" data-name=\"your-email\"><input size=\"40\" maxlength=\"400\" class=\"wpcf7-form-control wpcf7-email wpcf7-validates-as-required wpcf7-text wpcf7-validates-as-email\" autocomplete=\"email\" aria-required=\"true\" aria-invalid=\"false\" value=\"\" type=\"email\" name=\"your-email\" \/><\/span> <\/label>\n<\/p>\n<p><label> Objet<br \/>\n<span class=\"wpcf7-form-control-wrap\" data-name=\"your-subject\"><input size=\"40\" maxlength=\"400\" class=\"wpcf7-form-control wpcf7-text wpcf7-validates-as-required\" aria-required=\"true\" aria-invalid=\"false\" value=\"\" type=\"text\" name=\"your-subject\" \/><\/span> <\/label>\n<\/p>\n<p><label> Votre message<br \/>\n<span class=\"wpcf7-form-control-wrap\" data-name=\"your-message\"><textarea cols=\"40\" rows=\"10\" maxlength=\"2000\" class=\"wpcf7-form-control wpcf7-textarea\" aria-invalid=\"false\" name=\"your-message\"><\/textarea><\/span> <\/label>\n<\/p>\n<p><input class=\"wpcf7-form-control wpcf7-submit has-spinner\" type=\"submit\" value=\"Envoyer\" \/>\n<\/p><p style=\"display: none !important;\" class=\"akismet-fields-container\" data-prefix=\"_wpcf7_ak_\"><label>&#916;<textarea name=\"_wpcf7_ak_hp_textarea\" cols=\"45\" rows=\"8\" maxlength=\"100\"><\/textarea><\/label><input type=\"hidden\" id=\"ak_js_1\" name=\"_wpcf7_ak_js\" value=\"114\"\/><script>document.getElementById( \"ak_js_1\" ).setAttribute( \"value\", ( new Date() ).getTime() );<\/script><\/p><div class=\"wpcf7-response-output\" aria-hidden=\"true\"><\/div>\n<\/form>\n<\/div>\n\n\n\n<div class=\"is-default-size aligncenter wp-block-site-logo\"><a href=\"https:\/\/surlestracesdejamesbond.fr\/\" class=\"custom-logo-link\" rel=\"home\"><img loading=\"lazy\" decoding=\"async\" width=\"2560\" height=\"1509\" src=\"https:\/\/surlestracesdejamesbond.fr\/wp-content\/uploads\/2025\/07\/LogoSq-trans-scaled.png\" class=\"custom-logo\" alt=\"Sur Les traces de James Bond\" srcset=\"https:\/\/surlestracesdejamesbond.fr\/wp-content\/uploads\/2025\/07\/LogoSq-trans-scaled.png 2560w, https:\/\/surlestracesdejamesbond.fr\/wp-content\/uploads\/2025\/07\/LogoSq-trans-300x177.png 300w, https:\/\/surlestracesdejamesbond.fr\/wp-content\/uploads\/2025\/07\/LogoSq-trans-1024x604.png 1024w, https:\/\/surlestracesdejamesbond.fr\/wp-content\/uploads\/2025\/07\/LogoSq-trans-768x453.png 768w, https:\/\/surlestracesdejamesbond.fr\/wp-content\/uploads\/2025\/07\/LogoSq-trans-1536x906.png 1536w, https:\/\/surlestracesdejamesbond.fr\/wp-content\/uploads\/2025\/07\/LogoSq-trans-2048x1207.png 2048w\" sizes=\"auto, (max-width: 2560px) 100vw, 2560px\" \/><\/a><\/div><div class=\"gsp_post_data\" \r\n\t            data-post_type=\"page\" \r\n\t            data-cat=\"\" \r\n\t            data-modified=\"120\"\r\n\t            data-created=\"1762278198\"\r\n\t            data-title=\"Contact\" \r\n\t            data-home=\"https:\/\/surlestracesdejamesbond.fr\"><\/div>","protected":false},"excerpt":{"rendered":"<p>Vous avez une question, une remarque ou pensez que j\u2019ai fait une erreur ? Remplissez le formulaire ci-dessous et je vous r\u00e9pondrai dans les plus brefs d\u00e9lais.N\u2019h\u00e9sitez pas \u00e0 me suivre \u00e9galement sur les r\u00e9seaux sociaux pour rester inform\u00e9(e) !&nbsp;<\/p>\n","protected":false},"author":1,"featured_media":2544,"parent":0,"menu_order":0,"comment_status":"closed","ping_status":"closed","template":"","meta":{"_acf_changed":false,"_editorskit_title_hidden":false,"_editorskit_reading_time":0,"_editorskit_is_block_options_detached":false,"_editorskit_block_options_position":"{}","_vp_format_video_url":"","_vp_image_focal_point":[],"footnotes":""},"annee_de_visite":[],"event":[],"titres_du_film":[],"class_list":["post-2545","page","type-page","status-publish","has-post-thumbnail","hentry"],"blocksy_meta":[],"acf":[],"yoast_head":"<!-- This site is optimized with the Yoast SEO plugin v27.3 - https:\/\/yoast.com\/product\/yoast-seo-wordpress\/ -->\n<title>Contact - Sur Les traces de James Bond<\/title>\n<meta name=\"robots\" content=\"index, follow, max-snippet:-1, max-image-preview:large, max-video-preview:-1\" \/>\n<link rel=\"canonical\" href=\"https:\/\/surlestracesdejamesbond.fr\/index.php\/contact-2\/\" \/>\n<meta property=\"og:locale\" content=\"fr_FR\" \/>\n<meta property=\"og:type\" content=\"article\" \/>\n<meta property=\"og:title\" content=\"Contact - Sur Les traces de James Bond\" \/>\n<meta property=\"og:description\" content=\"Vous avez une question, une remarque ou pensez que j\u2019ai fait une erreur ? Remplissez le formulaire ci-dessous et je vous r\u00e9pondrai dans les plus brefs d\u00e9lais.N\u2019h\u00e9sitez pas \u00e0 me suivre \u00e9galement sur les r\u00e9seaux sociaux pour rester inform\u00e9(e) !&nbsp;\" \/>\n<meta property=\"og:url\" content=\"https:\/\/surlestracesdejamesbond.fr\/index.php\/contact-2\/\" \/>\n<meta property=\"og:site_name\" content=\"Sur Les traces de James Bond\" \/>\n<meta property=\"article:publisher\" content=\"https:\/\/www.facebook.com\/groups\/SLTDJBOO7\" \/>\n<meta property=\"article:modified_time\" content=\"2025-11-04T18:30:43+00:00\" \/>\n<meta property=\"og:image\" content=\"https:\/\/surlestracesdejamesbond.fr\/wp-content\/uploads\/2025\/11\/James-Bond-007-2006-Casino-Royale-Uncut-1080p-X264-Ac3-mHDgz-0002.png\" \/>\n\t<meta property=\"og:image:width\" content=\"1924\" \/>\n\t<meta property=\"og:image:height\" content=\"800\" \/>\n\t<meta property=\"og:image:type\" content=\"image\/png\" \/>\n<meta name=\"twitter:card\" content=\"summary_large_image\" \/>\n<script type=\"application\/ld+json\" class=\"yoast-schema-graph\">{\"@context\":\"https:\\\/\\\/schema.org\",\"@graph\":[{\"@type\":\"WebPage\",\"@id\":\"https:\\\/\\\/surlestracesdejamesbond.fr\\\/index.php\\\/contact-2\\\/\",\"url\":\"https:\\\/\\\/surlestracesdejamesbond.fr\\\/index.php\\\/contact-2\\\/\",\"name\":\"Contact - Sur Les traces de James Bond\",\"isPartOf\":{\"@id\":\"https:\\\/\\\/surlestracesdejamesbond.fr\\\/#website\"},\"primaryImageOfPage\":{\"@id\":\"https:\\\/\\\/surlestracesdejamesbond.fr\\\/index.php\\\/contact-2\\\/#primaryimage\"},\"image\":{\"@id\":\"https:\\\/\\\/surlestracesdejamesbond.fr\\\/index.php\\\/contact-2\\\/#primaryimage\"},\"thumbnailUrl\":\"https:\\\/\\\/surlestracesdejamesbond.fr\\\/wp-content\\\/uploads\\\/2025\\\/11\\\/James-Bond-007-2006-Casino-Royale-Uncut-1080p-X264-Ac3-mHDgz-0002.png\",\"datePublished\":\"2025-11-04T17:43:18+00:00\",\"dateModified\":\"2025-11-04T18:30:43+00:00\",\"breadcrumb\":{\"@id\":\"https:\\\/\\\/surlestracesdejamesbond.fr\\\/index.php\\\/contact-2\\\/#breadcrumb\"},\"inLanguage\":\"fr-FR\",\"potentialAction\":[{\"@type\":\"ReadAction\",\"target\":[\"https:\\\/\\\/surlestracesdejamesbond.fr\\\/index.php\\\/contact-2\\\/\"]}]},{\"@type\":\"ImageObject\",\"inLanguage\":\"fr-FR\",\"@id\":\"https:\\\/\\\/surlestracesdejamesbond.fr\\\/index.php\\\/contact-2\\\/#primaryimage\",\"url\":\"https:\\\/\\\/surlestracesdejamesbond.fr\\\/wp-content\\\/uploads\\\/2025\\\/11\\\/James-Bond-007-2006-Casino-Royale-Uncut-1080p-X264-Ac3-mHDgz-0002.png\",\"contentUrl\":\"https:\\\/\\\/surlestracesdejamesbond.fr\\\/wp-content\\\/uploads\\\/2025\\\/11\\\/James-Bond-007-2006-Casino-Royale-Uncut-1080p-X264-Ac3-mHDgz-0002.png\",\"width\":1924,\"height\":800},{\"@type\":\"BreadcrumbList\",\"@id\":\"https:\\\/\\\/surlestracesdejamesbond.fr\\\/index.php\\\/contact-2\\\/#breadcrumb\",\"itemListElement\":[{\"@type\":\"ListItem\",\"position\":1,\"name\":\"Accueil\",\"item\":\"https:\\\/\\\/surlestracesdejamesbond.fr\\\/\"},{\"@type\":\"ListItem\",\"position\":2,\"name\":\"Contact\"}]},{\"@type\":\"WebSite\",\"@id\":\"https:\\\/\\\/surlestracesdejamesbond.fr\\\/#website\",\"url\":\"https:\\\/\\\/surlestracesdejamesbond.fr\\\/\",\"name\":\"Sur Les traces de James Bond\",\"description\":\"\",\"publisher\":{\"@id\":\"https:\\\/\\\/surlestracesdejamesbond.fr\\\/#organization\"},\"potentialAction\":[{\"@type\":\"SearchAction\",\"target\":{\"@type\":\"EntryPoint\",\"urlTemplate\":\"https:\\\/\\\/surlestracesdejamesbond.fr\\\/?s={search_term_string}\"},\"query-input\":{\"@type\":\"PropertyValueSpecification\",\"valueRequired\":true,\"valueName\":\"search_term_string\"}}],\"inLanguage\":\"fr-FR\"},{\"@type\":\"Organization\",\"@id\":\"https:\\\/\\\/surlestracesdejamesbond.fr\\\/#organization\",\"name\":\"Sur Les traces de James Bond\",\"url\":\"https:\\\/\\\/surlestracesdejamesbond.fr\\\/\",\"logo\":{\"@type\":\"ImageObject\",\"inLanguage\":\"fr-FR\",\"@id\":\"https:\\\/\\\/surlestracesdejamesbond.fr\\\/#\\\/schema\\\/logo\\\/image\\\/\",\"url\":\"https:\\\/\\\/surlestracesdejamesbond.fr\\\/wp-content\\\/uploads\\\/2025\\\/07\\\/LogoSq-trans-scaled.png\",\"contentUrl\":\"https:\\\/\\\/surlestracesdejamesbond.fr\\\/wp-content\\\/uploads\\\/2025\\\/07\\\/LogoSq-trans-scaled.png\",\"width\":2560,\"height\":1509,\"caption\":\"Sur Les traces de James Bond\"},\"image\":{\"@id\":\"https:\\\/\\\/surlestracesdejamesbond.fr\\\/#\\\/schema\\\/logo\\\/image\\\/\"},\"sameAs\":[\"https:\\\/\\\/www.facebook.com\\\/groups\\\/SLTDJBOO7\"]}]}<\/script>\n<!-- \/ Yoast SEO plugin. -->","yoast_head_json":{"title":"Contact - Sur Les traces de James Bond","robots":{"index":"index","follow":"follow","max-snippet":"max-snippet:-1","max-image-preview":"max-image-preview:large","max-video-preview":"max-video-preview:-1"},"canonical":"https:\/\/surlestracesdejamesbond.fr\/index.php\/contact-2\/","og_locale":"fr_FR","og_type":"article","og_title":"Contact - Sur Les traces de James Bond","og_description":"Vous avez une question, une remarque ou pensez que j\u2019ai fait une erreur ? Remplissez le formulaire ci-dessous et je vous r\u00e9pondrai dans les plus brefs d\u00e9lais.N\u2019h\u00e9sitez pas \u00e0 me suivre \u00e9galement sur les r\u00e9seaux sociaux pour rester inform\u00e9(e) !&nbsp;","og_url":"https:\/\/surlestracesdejamesbond.fr\/index.php\/contact-2\/","og_site_name":"Sur Les traces de James Bond","article_publisher":"https:\/\/www.facebook.com\/groups\/SLTDJBOO7","article_modified_time":"2025-11-04T18:30:43+00:00","og_image":[{"width":1924,"height":800,"url":"https:\/\/surlestracesdejamesbond.fr\/wp-content\/uploads\/2025\/11\/James-Bond-007-2006-Casino-Royale-Uncut-1080p-X264-Ac3-mHDgz-0002.png","type":"image\/png"}],"twitter_card":"summary_large_image","schema":{"@context":"https:\/\/schema.org","@graph":[{"@type":"WebPage","@id":"https:\/\/surlestracesdejamesbond.fr\/index.php\/contact-2\/","url":"https:\/\/surlestracesdejamesbond.fr\/index.php\/contact-2\/","name":"Contact - Sur Les traces de James Bond","isPartOf":{"@id":"https:\/\/surlestracesdejamesbond.fr\/#website"},"primaryImageOfPage":{"@id":"https:\/\/surlestracesdejamesbond.fr\/index.php\/contact-2\/#primaryimage"},"image":{"@id":"https:\/\/surlestracesdejamesbond.fr\/index.php\/contact-2\/#primaryimage"},"thumbnailUrl":"https:\/\/surlestracesdejamesbond.fr\/wp-content\/uploads\/2025\/11\/James-Bond-007-2006-Casino-Royale-Uncut-1080p-X264-Ac3-mHDgz-0002.png","datePublished":"2025-11-04T17:43:18+00:00","dateModified":"2025-11-04T18:30:43+00:00","breadcrumb":{"@id":"https:\/\/surlestracesdejamesbond.fr\/index.php\/contact-2\/#breadcrumb"},"inLanguage":"fr-FR","potentialAction":[{"@type":"ReadAction","target":["https:\/\/surlestracesdejamesbond.fr\/index.php\/contact-2\/"]}]},{"@type":"ImageObject","inLanguage":"fr-FR","@id":"https:\/\/surlestracesdejamesbond.fr\/index.php\/contact-2\/#primaryimage","url":"https:\/\/surlestracesdejamesbond.fr\/wp-content\/uploads\/2025\/11\/James-Bond-007-2006-Casino-Royale-Uncut-1080p-X264-Ac3-mHDgz-0002.png","contentUrl":"https:\/\/surlestracesdejamesbond.fr\/wp-content\/uploads\/2025\/11\/James-Bond-007-2006-Casino-Royale-Uncut-1080p-X264-Ac3-mHDgz-0002.png","width":1924,"height":800},{"@type":"BreadcrumbList","@id":"https:\/\/surlestracesdejamesbond.fr\/index.php\/contact-2\/#breadcrumb","itemListElement":[{"@type":"ListItem","position":1,"name":"Accueil","item":"https:\/\/surlestracesdejamesbond.fr\/"},{"@type":"ListItem","position":2,"name":"Contact"}]},{"@type":"WebSite","@id":"https:\/\/surlestracesdejamesbond.fr\/#website","url":"https:\/\/surlestracesdejamesbond.fr\/","name":"Sur Les traces de James Bond","description":"","publisher":{"@id":"https:\/\/surlestracesdejamesbond.fr\/#organization"},"potentialAction":[{"@type":"SearchAction","target":{"@type":"EntryPoint","urlTemplate":"https:\/\/surlestracesdejamesbond.fr\/?s={search_term_string}"},"query-input":{"@type":"PropertyValueSpecification","valueRequired":true,"valueName":"search_term_string"}}],"inLanguage":"fr-FR"},{"@type":"Organization","@id":"https:\/\/surlestracesdejamesbond.fr\/#organization","name":"Sur Les traces de James Bond","url":"https:\/\/surlestracesdejamesbond.fr\/","logo":{"@type":"ImageObject","inLanguage":"fr-FR","@id":"https:\/\/surlestracesdejamesbond.fr\/#\/schema\/logo\/image\/","url":"https:\/\/surlestracesdejamesbond.fr\/wp-content\/uploads\/2025\/07\/LogoSq-trans-scaled.png","contentUrl":"https:\/\/surlestracesdejamesbond.fr\/wp-content\/uploads\/2025\/07\/LogoSq-trans-scaled.png","width":2560,"height":1509,"caption":"Sur Les traces de James Bond"},"image":{"@id":"https:\/\/surlestracesdejamesbond.fr\/#\/schema\/logo\/image\/"},"sameAs":["https:\/\/www.facebook.com\/groups\/SLTDJBOO7"]}]}},"_links":{"self":[{"href":"https:\/\/surlestracesdejamesbond.fr\/index.php\/wp-json\/wp\/v2\/pages\/2545","targetHints":{"allow":["GET"]}}],"collection":[{"href":"https:\/\/surlestracesdejamesbond.fr\/index.php\/wp-json\/wp\/v2\/pages"}],"about":[{"href":"https:\/\/surlestracesdejamesbond.fr\/index.php\/wp-json\/wp\/v2\/types\/page"}],"author":[{"embeddable":true,"href":"https:\/\/surlestracesdejamesbond.fr\/index.php\/wp-json\/wp\/v2\/users\/1"}],"replies":[{"embeddable":true,"href":"https:\/\/surlestracesdejamesbond.fr\/index.php\/wp-json\/wp\/v2\/comments?post=2545"}],"version-history":[{"count":21,"href":"https:\/\/surlestracesdejamesbond.fr\/index.php\/wp-json\/wp\/v2\/pages\/2545\/revisions"}],"predecessor-version":[{"id":2576,"href":"https:\/\/surlestracesdejamesbond.fr\/index.php\/wp-json\/wp\/v2\/pages\/2545\/revisions\/2576"}],"wp:featuredmedia":[{"embeddable":true,"href":"https:\/\/surlestracesdejamesbond.fr\/index.php\/wp-json\/wp\/v2\/media\/2544"}],"wp:attachment":[{"href":"https:\/\/surlestracesdejamesbond.fr\/index.php\/wp-json\/wp\/v2\/media?parent=2545"}],"wp:term":[{"taxonomy":"annee_de_visite","embeddable":true,"href":"https:\/\/surlestracesdejamesbond.fr\/index.php\/wp-json\/wp\/v2\/annee_de_visite?post=2545"},{"taxonomy":"event","embeddable":true,"href":"https:\/\/surlestracesdejamesbond.fr\/index.php\/wp-json\/wp\/v2\/event?post=2545"},{"taxonomy":"titres_du_film","embeddable":true,"href":"https:\/\/surlestracesdejamesbond.fr\/index.php\/wp-json\/wp\/v2\/titres_du_film?post=2545"}],"curies":[{"name":"wp","href":"https:\/\/api.w.org\/{rel}","templated":true}]}}